{"id":10,"date":"2022-07-11T10:02:31","date_gmt":"2022-07-11T14:02:31","guid":{"rendered":"https:\/\/www.petrieislandmarina.com\/?page_id=10"},"modified":"2025-09-08T16:13:10","modified_gmt":"2025-09-08T20:13:10","slug":"services","status":"publish","type":"page","link":"https:\/\/www.petrieislandmarina.com\/fr\/services\/","title":{"rendered":"Services"},"content":{"rendered":"<section>\n<div lc-helper=\"shortcode\" class=\"live-shortcode\"><div class=\"services_details_list-container\" id=\"service-416\"><div class=\"container\"><div class=\"row\"><div class=\"col-12 col-lg-4\"><div class=\"services_details_list-img\"><a href=\"https:\/\/www.petrieislandmarina.com\/fr\/service\/remorque-a-bateau-hydraulique\/\"><picture><source srcset=\"https:\/\/www.petrieislandmarina.com\/wp-content\/uploads\/2025\/09\/IMG_7464-1024x771.jpg\" type=\"image\/webp\"><img src=\"https:\/\/www.petrieislandmarina.com\/wp-content\/uploads\/2025\/09\/IMG_7464-1024x771.jpg\" alt=\"Remorque \u00e0 bateau hydraulique\"><\/picture><\/a><\/div><\/div><div class=\"col-12 col-lg-8\"><div class=\"services_details_list-content\"><h2><a href=\"https:\/\/www.petrieislandmarina.com\/fr\/service\/remorque-a-bateau-hydraulique\/\">Remorque \u00e0 bateau hydraulique<\/a><\/h2><p><p data-pm-slice=\"1 1 []\">Vous cherchez un endroit s\u00e9curitaire pour sortir votre bateau et l'entreposer dans la r\u00e9gion d'Ottawa. Nous sommes \u00e9quip\u00e9s pour sortir des bateaux jusqu'\u00e0 70 000 livres. Contactez-nous pour r\u00e9server votre emplacement.<\/p><\/p><p class=\"cta\">Veuillez nous contacter au num\u00e9ro suivant : (613) 841-0778<\/p><\/div><\/div><\/div><\/div><\/div><div class=\"services_details_list-container\" id=\"service-102\"><div class=\"container\"><div class=\"row\"><div class=\"col-12 col-lg-4\"><div class=\"services_details_list-img\"><a href=\"https:\/\/www.petrieislandmarina.com\/fr\/service\/location-de-kayak-canoes-planche-a-pagaie-pedalo\/\"><picture><source srcset=\"https:\/\/www.petrieislandmarina.com\/wp-content\/uploads\/2022\/07\/location-1024x768.jpeg\" type=\"image\/webp\"><img src=\"https:\/\/www.petrieislandmarina.com\/wp-content\/uploads\/2022\/07\/location-1024x768.jpeg\" alt=\"Location de kayak, cano\u00ebs, planche \u00e0 pagaie, p\u00e9dalo\"><\/picture><\/a><\/div><\/div><div class=\"col-12 col-lg-8\"><div class=\"services_details_list-content\"><h2><a href=\"https:\/\/www.petrieislandmarina.com\/fr\/service\/location-de-kayak-canoes-planche-a-pagaie-pedalo\/\">Location de kayak, cano\u00ebs, planche \u00e0 pagaie, p\u00e9dalo<\/a><\/h2><p>Il est possible de louer diff\u00e9rents types d\u2019embarcations \u00e0 la marina de l\u2019ile Petrie. Vous y trouverez des kayaks, des cano\u00ebs, des planches \u00e0 pagaies ou encore des p\u00e9dalos, de quoi r\u00e9pondre aux envies de toute la famille et des amateurs de sports de navigation. La marina vous facilite l\u2019acc\u00e8s \u00e0 ce type d\u2019activit\u00e9s nautiques, que vous soyez d\u00e9butants ou experts. Vous pourrez alors profiter de la beaut\u00e9 des lieux naturels de l\u2019ile Petrie \u00e0 bord de l\u2019embarcation qui vous convient le mieux. N\u2019h\u00e9sitez pas \u00e0 nous contacter pour obtenir des renseignements sur les diff\u00e9rents tarifs et conditions de location en plus d\u2019obtenir des d\u00e9tails sur nos heures d\u2019acc\u00e8s.<\/p><p class=\"cta\">Veuillez nous contacter au num\u00e9ro suivant : (613) 841-0778<\/p><\/div><\/div><\/div><\/div><\/div><div class=\"services_details_list-container\" id=\"service-106\"><div class=\"container\"><div class=\"row\"><div class=\"col-12 col-lg-4\"><div class=\"services_details_list-img\"><a href=\"https:\/\/www.petrieislandmarina.com\/fr\/service\/location-de-quai-pour-bateau\/\"><picture><source srcset=\"https:\/\/www.petrieislandmarina.com\/wp-content\/uploads\/2022\/07\/quai-beateau-marina-ilepetrie-1024x768.jpeg\" type=\"image\/webp\"><img src=\"https:\/\/www.petrieislandmarina.com\/wp-content\/uploads\/2022\/07\/quai-beateau-marina-ilepetrie-1024x768.jpeg\" alt=\"Location de quai pour bateau\"><\/picture><\/a><\/div><\/div><div class=\"col-12 col-lg-8\"><div class=\"services_details_list-content\"><h2><a href=\"https:\/\/www.petrieislandmarina.com\/fr\/service\/location-de-quai-pour-bateau\/\">Location de quai pour bateau<\/a><\/h2><p>La marina de l\u2019ile Petrie vous offre \u00e9galement la possibilit\u00e9 de louer des quais pour votre bateau, peu importe son envergure. N\u2019h\u00e9sitez pas \u00e0 vous informer aupr\u00e8s de notre \u00e9quipe pour plus de d\u00e9tails sur les conditions de location.<\/p><p class=\"cta\">Veuillez nous contacter au num\u00e9ro suivant : (613) 841-0778<\/p><\/div><\/div><\/div><\/div><\/div><div class=\"services_details_list-container\" id=\"service-110\"><div class=\"container\"><div class=\"row\"><div class=\"col-12 col-lg-4\"><div class=\"services_details_list-img\"><a href=\"https:\/\/www.petrieislandmarina.com\/fr\/service\/rampe-de-mise-a-leau\/\"><picture><source srcset=\"https:\/\/www.petrieislandmarina.com\/wp-content\/uploads\/2025\/09\/D1C98C3F-01E1-4206-9A3A-EF93B7FF3B8D_1_201_a-965x1024.jpeg\" type=\"image\/webp\"><img src=\"https:\/\/www.petrieislandmarina.com\/wp-content\/uploads\/2025\/09\/D1C98C3F-01E1-4206-9A3A-EF93B7FF3B8D_1_201_a-965x1024.jpeg\" alt=\"Rampe de mise \u00e0 l\u2019eau\"><\/picture><\/a><\/div><\/div><div class=\"col-12 col-lg-8\"><div class=\"services_details_list-content\"><h2><a href=\"https:\/\/www.petrieislandmarina.com\/fr\/service\/rampe-de-mise-a-leau\/\">Rampe de mise \u00e0 l\u2019eau<\/a><\/h2><p>Vous pourrez \u00e9galement mettre facilement votre embarcation \u00e0 l\u2019eau \u00e0 la marina de l\u2019ile Petrie, et ce, peu importe la taille de votre bateau, gr\u00e2ce aux rampes de mise \u00e0 l\u2019eau. Pour plus d\u2019information, contactez la marina qui se fera un plaisir de vous parler plus en d\u00e9tail de ce service.<\/p><p class=\"cta\">Veuillez nous contacter au num\u00e9ro suivant : (613) 841-0778<\/p><\/div><\/div><\/div><\/div><\/div><div class=\"services_details_list-container\" id=\"service-116\"><div class=\"container\"><div class=\"row\"><div class=\"col-12 col-lg-4\"><div class=\"services_details_list-img\"><a href=\"https:\/\/www.petrieislandmarina.com\/fr\/service\/entreposage-de-cabanes-a-peche\/\"><picture><source srcset=\"https:\/\/www.petrieislandmarina.com\/wp-content\/uploads\/2022\/07\/37192EBC-AF10-4885-B2D9-61352B920DA0-767x1024.jpeg\" type=\"image\/webp\"><img src=\"https:\/\/www.petrieislandmarina.com\/wp-content\/uploads\/2022\/07\/37192EBC-AF10-4885-B2D9-61352B920DA0-767x1024.jpeg\" alt=\"Entreposage de cabanes \u00e0 p\u00eache\"><\/picture><\/a><\/div><\/div><div class=\"col-12 col-lg-8\"><div class=\"services_details_list-content\"><h2><a href=\"https:\/\/www.petrieislandmarina.com\/fr\/service\/entreposage-de-cabanes-a-peche\/\">Entreposage de cabanes \u00e0 p\u00eache<\/a><\/h2><p>La marina de l\u2019ile Petrie offre \u00e9galement de l\u2019espace pour entreposer vos cabanes \u00e0 p\u00eache pendant l\u2019\u00e9t\u00e9. Cette option permet de minimiser les d\u00e9placements et vous serez certain que votre cabane profitera des meilleures conditions d\u2019entreposage pour la saison froide. N\u2019h\u00e9sitez pas \u00e0 nous contacter pour vous informer des conditions en lien avec ce service.<\/p><p class=\"cta\">Veuillez nous contacter au num\u00e9ro suivant : (613) 841-0778<\/p><\/div><\/div><\/div><\/div><\/div><div class=\"services_details_list-container\" id=\"service-112\"><div class=\"container\"><div class=\"row\"><div class=\"col-12 col-lg-4\"><div class=\"services_details_list-img\"><a href=\"https:\/\/www.petrieislandmarina.com\/fr\/service\/hivernisation-de-bateau\/\"><picture><source srcset=\"https:\/\/www.petrieislandmarina.com\/wp-content\/uploads\/2022\/07\/77158B2C-8960-49EB-944D-8DE24F2D3C47-1024x576.jpeg\" type=\"image\/webp\"><img src=\"https:\/\/www.petrieislandmarina.com\/wp-content\/uploads\/2022\/07\/77158B2C-8960-49EB-944D-8DE24F2D3C47-1024x576.jpeg\" alt=\"Hivernisation de bateau\"><\/picture><\/a><\/div><\/div><div class=\"col-12 col-lg-8\"><div class=\"services_details_list-content\"><h2><a href=\"https:\/\/www.petrieislandmarina.com\/fr\/service\/hivernisation-de-bateau\/\">Hivernisation de bateau<\/a><\/h2><p>Il est \u00e9galement possible de nous confier votre bateau afin de l\u2019hiverniser pour la saison froide. Nous avons l\u2019espace n\u00e9cessaire pour entreposer vos embarcations dans les meilleures conditions. Vous n\u2019aurez pas \u00e0 vous en inqui\u00e9ter et vous serez assur\u00e9 de retrouver votre bateau dans le meilleur \u00e9tat pour amorcer votre saison de navigation. Appelez-nous pour avoir de l\u2019information sur les tarifs et les conditions de location.<\/p><a class=\"contact btn green-transparent\" href=\"https:\/\/www.petrieislandmarina.com\/fr\/nous-joindre\/?your-subjet=Hivernisation de bateau\" aria-label=\"En savoir plus\">En savoir plus<\/a><\/div><\/div><\/div><\/div><\/div><div class=\"services_details_list-container\" id=\"service-104\"><div class=\"container\"><div class=\"row\"><div class=\"col-12 col-lg-4\"><div class=\"services_details_list-img\"><a href=\"https:\/\/www.petrieislandmarina.com\/fr\/service\/entreposage-de-bateau\/\"><picture><source srcset=\"https:\/\/www.petrieislandmarina.com\/wp-content\/uploads\/2022\/07\/68E64526-F932-48CB-8721-7619856E8EE6-1024x576.jpeg\" type=\"image\/webp\"><img src=\"https:\/\/www.petrieislandmarina.com\/wp-content\/uploads\/2022\/07\/68E64526-F932-48CB-8721-7619856E8EE6-1024x576.jpeg\" alt=\"Entreposage de bateau\"><\/picture><\/a><\/div><\/div><div class=\"col-12 col-lg-8\"><div class=\"services_details_list-content\"><h2><a href=\"https:\/\/www.petrieislandmarina.com\/fr\/service\/entreposage-de-bateau\/\">Entreposage de bateau<\/a><\/h2><p>La marina de l\u2019ile Petrie met \u00e0 votre disposition un service d\u2019entreposage de bateaux et de remorques. Il s\u2019agit sans aucun doute des espaces d\u2019entreposage les plus pratiques et accessibles de la r\u00e9gion d\u2019Ottawa. Contactez-nous pour obtenir des informations sur ce service.<\/p><p class=\"cta\">Veuillez nous contacter au num\u00e9ro suivant : (613) 841-0778<\/p><\/div><\/div><\/div><\/div><\/div><div class=\"services_details_list-container\" id=\"service-108\"><div class=\"container\"><div class=\"row\"><div class=\"col-12 col-lg-4\"><div class=\"services_details_list-img\"><a href=\"https:\/\/www.petrieislandmarina.com\/fr\/service\/location-de-cabanes-sur-la-glace\/\"><picture><source srcset=\"https:\/\/www.petrieislandmarina.com\/wp-content\/uploads\/2022\/11\/2AD15778-C2FF-4507-9C88-475AB02265EC-1024x940.jpeg\" type=\"image\/webp\"><img src=\"https:\/\/www.petrieislandmarina.com\/wp-content\/uploads\/2022\/11\/2AD15778-C2FF-4507-9C88-475AB02265EC-1024x940.jpeg\" alt=\"Location de cabanes sur la glace\"><\/picture><\/a><\/div><\/div><div class=\"col-12 col-lg-8\"><div class=\"services_details_list-content\"><h2><a href=\"https:\/\/www.petrieislandmarina.com\/fr\/service\/location-de-cabanes-sur-la-glace\/\">Location de cabanes sur la glace<\/a><\/h2><p>Une des activit\u00e9s tr\u00e8s populaires offertes par la marina de l\u2019ile Petrie est sans aucun doute la p\u00eache sur la glace. Cette activit\u00e9 hivernale permet de profiter des joies de la saison froide et convient \u00e0 toute la famille. Il est possible de louer des cabanes pour pouvoir s\u2019adonner \u00e0 ce passe-temps fort appr\u00e9ci\u00e9. Une large gamme de cabanes vous est offerte de dimensions et de formes diff\u00e9rentes. Vous en trouverez certainement une pour combler vos besoins et attentes. La marina propose \u00e9galement des forfaits complets de p\u00eache sur glace pour le plus grand plaisir des amateurs. Informez-vous aupr\u00e8s de notre \u00e9quipe.\r\n<p class=\"cta\">R\u00e9servez d\u00e8s maintenant par <a style=\"text-decoration: underline;\" href=\"mailto:pifa.info@gmail.com&quot;\">courriel<\/a><\/p><\/p><\/div><\/div><\/div><\/div><\/div><\/div>\n<\/section>\n","protected":false},"excerpt":{"rendered":"","protected":false},"author":1,"featured_media":0,"parent":0,"menu_order":0,"comment_status":"closed","ping_status":"closed","template":"","meta":[],"acf":[],"_links":{"self":[{"href":"https:\/\/www.petrieislandmarina.com\/fr\/wp-json\/wp\/v2\/pages\/10"}],"collection":[{"href":"https:\/\/www.petrieislandmarina.com\/fr\/wp-json\/wp\/v2\/pages"}],"about":[{"href":"https:\/\/www.petrieislandmarina.com\/fr\/wp-json\/wp\/v2\/types\/page"}],"author":[{"embeddable":true,"href":"https:\/\/www.petrieislandmarina.com\/fr\/wp-json\/wp\/v2\/users\/1"}],"replies":[{"embeddable":true,"href":"https:\/\/www.petrieislandmarina.com\/fr\/wp-json\/wp\/v2\/comments?post=10"}],"version-history":[{"count":3,"href":"https:\/\/www.petrieislandmarina.com\/fr\/wp-json\/wp\/v2\/pages\/10\/revisions"}],"predecessor-version":[{"id":101,"href":"https:\/\/www.petrieislandmarina.com\/fr\/wp-json\/wp\/v2\/pages\/10\/revisions\/101"}],"wp:attachment":[{"href":"https:\/\/www.petrieislandmarina.com\/fr\/wp-json\/wp\/v2\/media?parent=10"}],"curies":[{"name":"wp","href":"https:\/\/api.w.org\/{rel}","templated":true}]}}