{"id":2,"date":"2022-07-11T09:06:28","date_gmt":"2022-07-11T13:06:28","guid":{"rendered":"https:\/\/www.petrieislandmarina.com\/?page_id=2"},"modified":"2025-09-10T09:36:33","modified_gmt":"2025-09-10T13:36:33","slug":"sample-page","status":"publish","type":"page","link":"https:\/\/www.petrieislandmarina.com\/fr\/","title":{"rendered":"Page d&#8217;accueil"},"content":{"rendered":"<section class=\"top-main-container\">\n<div class=\"container\">\n<div class=\"row align-items-center\">\n<div class=\"col-md-12\">\n<div class=\"lc-block h1-div\">\n<div editable=\"rich\">\n<h1>Bienvenu \u00e0 <strong>Marina l&#8217;\u00cele Petrie<\/strong><\/h1>\n<\/p><\/div>\n<\/p><\/div>\n<p><!-- \/lc-block -->\n\t\t\t<\/div>\n<p><!-- \/col --><\/p>\n<div class=\"col-lg-5\">\n<div class=\"top-louer-content\">\n<div class=\"lc-block\">\n<div editable=\"rich\">\n<p><strong>Louez <\/strong>d\u00e8s maintenant<\/p>\n<\/p><\/div>\n<\/p><\/div>\n<p><!-- \/lc-block --><\/p>\n<div class=\"lc-block\">\n<div lc-helper=\"shortcode\" class=\"live-shortcode\"><a class=\"btn contact white-transparent uppercase\" href=\"https:\/\/www.petrieislandmarina.com\/fr\/location\/\" aria-label=\"Voir toutes les locations\">Voir toutes les locations<\/a><\/div>\n<\/p><\/div>\n<p><!-- \/lc-block -->\n\t\t\t\t<\/div>\n<\/p><\/div>\n<p><!-- \/col --><\/p>\n<div class=\"col-lg-7 d-none d-lg-block\">\n<div class=\"lc-block\">\n<div lc-helper=\"shortcode\" class=\"live-shortcode\"><div class=\"locations-slider\"><div class=\"flexslider\"><ul class=\"slides\"><li class=\"slide\"><a href=\"https:\/\/www.petrieislandmarina.com\/fr\/location\/\" class=\"single-location\"><div class=\"slide-icon\"><picture><img src=\"https:\/\/www.petrieislandmarina.com\/wp-content\/uploads\/2022\/07\/kayak.png\" class=\"image-normal\" alt=\"Kayak\"><\/picture><picture class=\"image-hover\"><img src=\"https:\/\/www.petrieislandmarina.com\/wp-content\/uploads\/2022\/07\/kayak-hover.png\" alt=\"Kayak\"><\/picture><\/div><p>Kayak<\/p><\/a><\/li><li class=\"slide\"><a href=\"https:\/\/www.petrieislandmarina.com\/fr\/location\/\" class=\"single-location\"><div class=\"slide-icon\"><picture><img src=\"https:\/\/www.petrieislandmarina.com\/wp-content\/uploads\/2022\/07\/planche-a-pagaie.png\" class=\"image-normal\" alt=\"Planche \u00e0 Pagaie\"><\/picture><picture class=\"image-hover\"><img src=\"https:\/\/www.petrieislandmarina.com\/wp-content\/uploads\/2022\/07\/planche-a-pagaie-hover.png\" alt=\"Planche \u00e0 Pagaie\"><\/picture><\/div><p>Planche \u00e0 Pagaie<\/p><\/a><\/li><li class=\"slide\"><a href=\"https:\/\/www.petrieislandmarina.com\/fr\/location\/\" class=\"single-location\"><div class=\"slide-icon\"><picture><img src=\"https:\/\/www.petrieislandmarina.com\/wp-content\/uploads\/2022\/07\/canoe.png\" class=\"image-normal\" alt=\"Cano\u00eb\"><\/picture><picture class=\"image-hover\"><img src=\"https:\/\/www.petrieislandmarina.com\/wp-content\/uploads\/2022\/07\/canoe-hover.png\" alt=\"Cano\u00eb\"><\/picture><\/div><p>Cano\u00eb<\/p><\/a><\/li><li class=\"slide\"><a href=\"https:\/\/www.petrieislandmarina.com\/fr\/location\/\" class=\"single-location\"><div class=\"slide-icon\"><picture><img src=\"https:\/\/www.petrieislandmarina.com\/wp-content\/uploads\/2022\/07\/pedalo.png\" class=\"image-normal\" alt=\"P\u00e9dalo\"><\/picture><picture class=\"image-hover\"><img src=\"https:\/\/www.petrieislandmarina.com\/wp-content\/uploads\/2022\/07\/pedalo-hover.png\" alt=\"P\u00e9dalo\"><\/picture><\/div><p>P\u00e9dalo<\/p><\/a><\/li><li class=\"slide\"><a href=\"https:\/\/www.petrieislandmarina.com\/fr\/location\/\" class=\"single-location\"><div class=\"slide-icon\"><picture><img src=\"https:\/\/www.petrieislandmarina.com\/wp-content\/uploads\/2022\/07\/cabane.png\" class=\"image-normal\" alt=\"Cabane de p\u00eache sur la glace\"><\/picture><picture class=\"image-hover\"><img src=\"https:\/\/www.petrieislandmarina.com\/wp-content\/uploads\/2022\/07\/cabane-hover.png\" alt=\"Cabane de p\u00eache sur la glace\"><\/picture><\/div><p>Cabane de p\u00eache sur la glace<\/p><\/a><\/li><\/ul><\/div><\/div><\/div>\n<\/p><\/div>\n<p><!-- \/lc-block -->\n\t\t\t<\/div>\n<p><!-- \/col -->\n\t\t<\/div>\n<\/p><\/div>\n<\/section>\n<section class=\"homepropos-container\">\n<div class=\"container\">\n<div class=\"row align-items-center\">\n<div class=\"col-lg-5\">\n<div class=\"lc-block home-propos-img\" data-aos=\"fade-right\" data-aos-once=\"true\">\n\t\t\t\t\t<picture><source srcset=\"https:\/\/www.petrieislandmarina.com\/wp-content\/uploads\/2022\/07\/home-propos-img.webp\" type=\"image\/webp\"><img loading=\"lazy\" class=\"img-fluid wp-image-37\" src=\"https:\/\/www.petrieislandmarina.com\/wp-content\/uploads\/2022\/07\/home-propos-img.jpg\" width=\"819\" height=\"510\" srcset=\"https:\/\/www.petrieislandmarina.com\/wp-content\/uploads\/2022\/07\/home-propos-img.jpg 819w, https:\/\/www.petrieislandmarina.com\/wp-content\/uploads\/2022\/07\/home-propos-img-300x187.jpg 300w, https:\/\/www.petrieislandmarina.com\/wp-content\/uploads\/2022\/07\/home-propos-img-768x478.jpg 768w, https:\/\/www.petrieislandmarina.com\/wp-content\/uploads\/2022\/07\/home-propos-img-482x300.jpg 482w\" sizes=\"(max-width: 819px) 100vw, 819px\" alt=\"\"><\/picture>\n\t\t\t\t<\/div>\n<p><!-- \/lc-block -->\n\t\t\t<\/div>\n<p><!-- \/col --><\/p>\n<div class=\"col-lg-7\">\n<div class=\"home-propos-content\" data-aos=\"fade-left\" data-aos-once=\"true\">\n<div class=\"lc-block\">\n<div editable=\"rich\">\n<h3><\/h3>\n<h2>\u00c0 propos de nous<\/h2>\n<p>La marina est la porte d\u2019entr\u00e9e de l\u2019ile Petrie et offre des services de navigation de plaisance et de p\u00eache (m\u00eame sur la glace). Vous pourrez y louer des cano\u00ebs, des kayaks et des planches \u00e0 pagaie. Nous avons des app\u00e2ts vivants en plus de profiter de services d\u2019entreposage et de mise \u00e0 l\u2019eau.<\/p>\n<\/p><\/div>\n<\/p><\/div>\n<p><!-- \/lc-block --><\/p>\n<div class=\"lc-block\">\n<div lc-helper=\"shortcode\" class=\"live-shortcode\"><a class=\"green-transparent uppercase contact btn\" href=\"https:\/\/www.petrieislandmarina.com\/fr\/nous-joindre\/\" aria-label=\"En savoir plus\">En savoir plus<\/a><\/div>\n<\/p><\/div>\n<p><!-- \/lc-block -->\n\t\t\t\t<\/div>\n<\/p><\/div>\n<p><!-- \/col -->\n\t\t<\/div>\n<\/p><\/div>\n<\/section>\n<section class=\"home-location-container\" data-aos=\"fade-bottom\" data-aos-once=\"true\">\n<div class=\"container\">\n<div class=\"row justify-content-center\">\n<div class=\"col-md-12\">\n<div class=\"lc-block\">\n<div editable=\"rich\">\n<h5><\/h5>\n<h3>Nos services principaux<\/h3>\n<\/p><\/div>\n<\/p><\/div>\n<p><!-- \/lc-block -->\n\t\t\t<\/div>\n<p><!-- \/col --><\/p>\n<div class=\"col-xxl-10\">\n<div class=\"lc-block\">\n<div lc-helper=\"shortcode\" class=\"live-shortcode\"><div class=\"services_list row justify-content-center\"><div class=\"col-md-6 col-xl-4\"><a href=\"https:\/\/www.petrieislandmarina.com\/fr\/services\/#service-416\" class=\"single-service\"><div class=\"single-service-img\"><picture><source srcset=\"https:\/\/www.petrieislandmarina.com\/wp-content\/uploads\/2025\/09\/IMG_7464-1024x771.jpg\" type=\"image\/webp\"><img src=\"https:\/\/www.petrieislandmarina.com\/wp-content\/uploads\/2025\/09\/IMG_7464-1024x771.jpg\" alt=\"Remorque \u00e0 bateau hydraulique\"><\/picture><\/div><div class=\"single-service-content\"><p class=\"title\">Remorque \u00e0 bateau hydraulique<\/p><p>Vous cherchez un endroit s\u00e9curitaire pour sortir votre bateau et l'entreposer dans la r\u00e9gion d'Ottawa. Nous sommes \u00e9quip\u00e9s pour sortir des bateaux jusqu'\u00e0 70 000 livres. Contactez-nous pour r\u00e9server votre emplacement.<\/p><\/div><div class=\"single-service-btn\"><span class=\"btn contact green uppercase\">En savoir plus<\/span><\/div><\/a><\/div><div class=\"col-md-6 col-xl-4\"><a href=\"https:\/\/www.petrieislandmarina.com\/fr\/services\/#service-102\" class=\"single-service\"><div class=\"single-service-img\"><picture><source srcset=\"https:\/\/www.petrieislandmarina.com\/wp-content\/uploads\/2022\/07\/location-1024x768.jpeg\" type=\"image\/webp\"><img src=\"https:\/\/www.petrieislandmarina.com\/wp-content\/uploads\/2022\/07\/location-1024x768.jpeg\" alt=\"Location de kayak, cano\u00ebs, planche \u00e0 pagaie, p\u00e9dalo\"><\/picture><\/div><div class=\"single-service-content\"><p class=\"title\">Location de kayak, cano\u00ebs, planche \u00e0 pagaie, p\u00e9dalo<\/p><p>Il est possible de louer diff\u00e9rents types d\u2019embarcations \u00e0 la marina de l\u2019ile Petrie. Vous y trouverez des kayaks, des cano\u00ebs, des planches \u00e0 pagaies ou encore des p\u00e9dalos, de quoi r\u00e9pondre aux\u2026<\/p><\/div><div class=\"single-service-btn\"><span class=\"btn contact green uppercase\">En savoir plus<\/span><\/div><\/a><\/div><div class=\"col-md-6 col-xl-4\"><a href=\"https:\/\/www.petrieislandmarina.com\/fr\/services\/#service-106\" class=\"single-service\"><div class=\"single-service-img\"><picture><source srcset=\"https:\/\/www.petrieislandmarina.com\/wp-content\/uploads\/2022\/07\/quai-beateau-marina-ilepetrie-1024x768.jpeg\" type=\"image\/webp\"><img src=\"https:\/\/www.petrieislandmarina.com\/wp-content\/uploads\/2022\/07\/quai-beateau-marina-ilepetrie-1024x768.jpeg\" alt=\"Location de quai pour bateau\"><\/picture><\/div><div class=\"single-service-content\"><p class=\"title\">Location de quai pour bateau<\/p><p>La marina de l\u2019ile Petrie vous offre \u00e9galement la possibilit\u00e9 de louer des quais pour votre bateau, peu importe son envergure. N\u2019h\u00e9sitez pas \u00e0 vous informer aupr\u00e8s de notre \u00e9quipe pour plus de\u2026<\/p><\/div><div class=\"single-service-btn\"><span class=\"btn contact green uppercase\">En savoir plus<\/span><\/div><\/a><\/div><div class=\"col-md-6 col-xl-4\"><a href=\"https:\/\/www.petrieislandmarina.com\/fr\/services\/#service-110\" class=\"single-service\"><div class=\"single-service-img\"><picture><source srcset=\"https:\/\/www.petrieislandmarina.com\/wp-content\/uploads\/2025\/09\/D1C98C3F-01E1-4206-9A3A-EF93B7FF3B8D_1_201_a-965x1024.jpeg\" type=\"image\/webp\"><img src=\"https:\/\/www.petrieislandmarina.com\/wp-content\/uploads\/2025\/09\/D1C98C3F-01E1-4206-9A3A-EF93B7FF3B8D_1_201_a-965x1024.jpeg\" alt=\"Rampe de mise \u00e0 l\u2019eau\"><\/picture><\/div><div class=\"single-service-content\"><p class=\"title\">Rampe de mise \u00e0 l\u2019eau<\/p><p>Vous pourrez \u00e9galement mettre facilement votre embarcation \u00e0 l\u2019eau \u00e0 la marina de l\u2019ile Petrie, et ce, peu importe la taille de votre bateau, gr\u00e2ce aux rampes de mise \u00e0 l\u2019eau. Pour plus\u2026<\/p><\/div><div class=\"single-service-btn\"><span class=\"btn contact green uppercase\">En savoir plus<\/span><\/div><\/a><\/div><div class=\"col-md-6 col-xl-4\"><a href=\"https:\/\/www.petrieislandmarina.com\/fr\/services\/#service-116\" class=\"single-service\"><div class=\"single-service-img\"><picture><source srcset=\"https:\/\/www.petrieislandmarina.com\/wp-content\/uploads\/2022\/07\/37192EBC-AF10-4885-B2D9-61352B920DA0-767x1024.jpeg\" type=\"image\/webp\"><img src=\"https:\/\/www.petrieislandmarina.com\/wp-content\/uploads\/2022\/07\/37192EBC-AF10-4885-B2D9-61352B920DA0-767x1024.jpeg\" alt=\"Entreposage de cabanes \u00e0 p\u00eache\"><\/picture><\/div><div class=\"single-service-content\"><p class=\"title\">Entreposage de cabanes \u00e0 p\u00eache<\/p><p>La marina de l\u2019ile Petrie offre \u00e9galement de l\u2019espace pour entreposer vos cabanes \u00e0 p\u00eache pendant l\u2019\u00e9t\u00e9. Cette option permet de minimiser les d\u00e9placements et vous serez certain que votre cabane profitera des\u2026<\/p><\/div><div class=\"single-service-btn\"><span class=\"btn contact green uppercase\">En savoir plus<\/span><\/div><\/a><\/div><div class=\"col-md-6 col-xl-4\"><a href=\"https:\/\/www.petrieislandmarina.com\/fr\/services\/#service-112\" class=\"single-service\"><div class=\"single-service-img\"><picture><source srcset=\"https:\/\/www.petrieislandmarina.com\/wp-content\/uploads\/2022\/07\/77158B2C-8960-49EB-944D-8DE24F2D3C47-1024x576.jpeg\" type=\"image\/webp\"><img src=\"https:\/\/www.petrieislandmarina.com\/wp-content\/uploads\/2022\/07\/77158B2C-8960-49EB-944D-8DE24F2D3C47-1024x576.jpeg\" alt=\"Hivernisation de bateau\"><\/picture><\/div><div class=\"single-service-content\"><p class=\"title\">Hivernisation de bateau<\/p><p>Il est \u00e9galement possible de nous confier votre bateau afin de l\u2019hiverniser pour la saison froide. Nous avons l\u2019espace n\u00e9cessaire pour entreposer vos embarcations dans les meilleures conditions. Vous n\u2019aurez pas \u00e0 vous\u2026<\/p><\/div><div class=\"single-service-btn\"><span class=\"btn contact green uppercase\">En savoir plus<\/span><\/div><\/a><\/div><div class=\"col-md-6 col-xl-4\"><a href=\"https:\/\/www.petrieislandmarina.com\/fr\/services\/#service-104\" class=\"single-service\"><div class=\"single-service-img\"><picture><source srcset=\"https:\/\/www.petrieislandmarina.com\/wp-content\/uploads\/2022\/07\/68E64526-F932-48CB-8721-7619856E8EE6-1024x576.jpeg\" type=\"image\/webp\"><img src=\"https:\/\/www.petrieislandmarina.com\/wp-content\/uploads\/2022\/07\/68E64526-F932-48CB-8721-7619856E8EE6-1024x576.jpeg\" alt=\"Entreposage de bateau\"><\/picture><\/div><div class=\"single-service-content\"><p class=\"title\">Entreposage de bateau<\/p><p>La marina de l\u2019ile Petrie met \u00e0 votre disposition un service d\u2019entreposage de bateaux et de remorques. Il s\u2019agit sans aucun doute des espaces d\u2019entreposage les plus pratiques et accessibles de la r\u00e9gion\u2026<\/p><\/div><div class=\"single-service-btn\"><span class=\"btn contact green uppercase\">En savoir plus<\/span><\/div><\/a><\/div><div class=\"col-md-6 col-xl-4\"><a href=\"https:\/\/www.petrieislandmarina.com\/fr\/services\/#service-108\" class=\"single-service\"><div class=\"single-service-img\"><picture><source srcset=\"https:\/\/www.petrieislandmarina.com\/wp-content\/uploads\/2022\/11\/2AD15778-C2FF-4507-9C88-475AB02265EC-1024x940.jpeg\" type=\"image\/webp\"><img src=\"https:\/\/www.petrieislandmarina.com\/wp-content\/uploads\/2022\/11\/2AD15778-C2FF-4507-9C88-475AB02265EC-1024x940.jpeg\" alt=\"Location de cabanes sur la glace\"><\/picture><\/div><div class=\"single-service-content\"><p class=\"title\">Location de cabanes sur la glace<\/p><p>Une des activit\u00e9s tr\u00e8s populaires offertes par la marina de l\u2019ile Petrie est sans aucun doute la p\u00eache sur la glace. Cette activit\u00e9 hivernale permet de profiter des joies de la saison froide\u2026<\/p><\/div><div class=\"single-service-btn\"><span class=\"btn contact green uppercase\">En savoir plus<\/span><\/div><\/a><\/div><\/div><div class=\"d-flex justify-content-center\"><a href=\"https:\/\/www.petrieislandmarina.com\/fr\/services\/\" class=\"btn contact green-transparent uppercase\">Voir tous nos services<\/a><\/div><\/div>\n<\/p><\/div>\n<p><!-- \/lc-block -->\n\t\t\t<\/div>\n<p><!-- \/col -->\n\t\t<\/div>\n<\/p><\/div>\n<\/section>\n","protected":false},"excerpt":{"rendered":"<p>Bienvenu \u00e0 Marina l&#8217;\u00cele Petrie Louez d\u00e8s maintenant \u00c0 propos de nous La marina est la porte d\u2019entr\u00e9e de l\u2019ile Petrie et offre des services de navigation de plaisance et de p\u00eache (m\u00eame sur la glace). Vous pourrez y louer des cano\u00ebs, des kayaks et des planches \u00e0 pagaie. Nous avons des app\u00e2ts vivants en [&hellip;]<\/p>\n","protected":false},"author":1,"featured_media":0,"parent":0,"menu_order":0,"comment_status":"closed","ping_status":"open","template":"","meta":[],"acf":[],"_links":{"self":[{"href":"https:\/\/www.petrieislandmarina.com\/fr\/wp-json\/wp\/v2\/pages\/2"}],"collection":[{"href":"https:\/\/www.petrieislandmarina.com\/fr\/wp-json\/wp\/v2\/pages"}],"about":[{"href":"https:\/\/www.petrieislandmarina.com\/fr\/wp-json\/wp\/v2\/types\/page"}],"author":[{"embeddable":true,"href":"https:\/\/www.petrieislandmarina.com\/fr\/wp-json\/wp\/v2\/users\/1"}],"replies":[{"embeddable":true,"href":"https:\/\/www.petrieislandmarina.com\/fr\/wp-json\/wp\/v2\/comments?post=2"}],"version-history":[{"count":30,"href":"https:\/\/www.petrieislandmarina.com\/fr\/wp-json\/wp\/v2\/pages\/2\/revisions"}],"predecessor-version":[{"id":434,"href":"https:\/\/www.petrieislandmarina.com\/fr\/wp-json\/wp\/v2\/pages\/2\/revisions\/434"}],"wp:attachment":[{"href":"https:\/\/www.petrieislandmarina.com\/fr\/wp-json\/wp\/v2\/media?parent=2"}],"curies":[{"name":"wp","href":"https:\/\/api.w.org\/{rel}","templated":true}]}}