{"id":8,"date":"2022-07-11T09:58:39","date_gmt":"2022-07-11T13:58:39","guid":{"rendered":"https:\/\/www.petrieislandmarina.com\/?page_id=8"},"modified":"2022-08-10T11:54:35","modified_gmt":"2022-08-10T15:54:35","slug":"a-propos","status":"publish","type":"page","link":"https:\/\/www.petrieislandmarina.com\/fr\/a-propos\/","title":{"rendered":"\u00c0 propos"},"content":{"rendered":"<section class=\"content-container\">\n<div class=\"container\">\n<div class=\"row \">\n<div class=\"col-lg-5\">\n<div class=\"lc-block my-4 my-lg-0\">\n\t\t\t\t\t<picture><source srcset=\"https:\/\/www.petrieislandmarina.com\/wp-content\/uploads\/2022\/07\/a-propos-img.webp\" type=\"image\/webp\"><img loading=\"lazy\" class=\"img-fluid wp-image-95\" src=\"https:\/\/www.petrieislandmarina.com\/wp-content\/uploads\/2022\/07\/a-propos-img.jpg\" width=\"819\" height=\"760\" srcset=\"https:\/\/www.petrieislandmarina.com\/wp-content\/uploads\/2022\/07\/a-propos-img.jpg 819w, https:\/\/www.petrieislandmarina.com\/wp-content\/uploads\/2022\/07\/a-propos-img-300x278.jpg 300w, https:\/\/www.petrieislandmarina.com\/wp-content\/uploads\/2022\/07\/a-propos-img-768x713.jpg 768w, https:\/\/www.petrieislandmarina.com\/wp-content\/uploads\/2022\/07\/a-propos-img-323x300.jpg 323w\" sizes=\"(max-width: 819px) 100vw, 819px\" alt=\"\"><\/picture>\n\t\t\t\t<\/div>\n<p><!-- \/lc-block -->\n\t\t\t<\/div>\n<p><!-- \/col --><\/p>\n<div class=\"col-lg-7\">\n<div class=\"home-propos-content\">\n<div class=\"lc-block\">\n<div editable=\"rich\">\n<h3><\/h3>\n<h2>Une marina \u00e0 service complet <\/h2>\n<p>La marina s\u2019ouvre sur l\u2019ile Petrie et son parc, situ\u00e9 dans l\u2019est d\u2019Ottawa. Il s\u2019agit en fait d\u2019un groupe d\u2019iles form\u00e9 \u00e0 partir d\u2019argile et de sable, d\u00e9pos\u00e9s \u00e0 la suite de la derni\u00e8re \u00e8re glaciaire. Les premiers habitants de la r\u00e9gion \u00e9taient probablement les Indiens moyens archa\u00efques pendant la p\u00e9riode situ\u00e9e 6000 avant J\u00e9sus-Christ. Plus tard, les Iroquois et les Algonquins s\u2019y install\u00e8rent. \u00c0 l\u2019\u00e9poque coloniale, c\u2019\u00e9tait la route utilis\u00e9e par les autochtones et les Europ\u00e9ens pour voyager \u00e0 l\u2019ouest. \u00c9tienne Br\u00fbl\u00e9 et Samuel de Champlain furent les premiers Europ\u00e9ens \u00e0 voyager par l\u2019ile Petrie. Les j\u00e9suites et les commer\u00e7ants de fourrure s\u2019en servir ensuite de mani\u00e8re r\u00e9guli\u00e8re comme itin\u00e9raire. Les Iroquois quant \u00e0 eux, l\u2019utilisaient pour monter des attaques contre les Hurons. C\u2019est en 1800 que les premiers colons s\u2019y \u00e9tablirent pour y faire de l\u2019\u00e9levage et travailler dans l\u2019industrie du bois. <\/p>\n<\/p>\n<\/p>\n<p>Le parc de l\u2019Ile Petrie appartient \u00e0 la ville d\u2019Ottawa et inclut la r\u00e9serve \u00e9cologique Grandmaitre, la plage Stuemer et l\u2019aire de pic-nique Al Tweedle. La marina, quant \u00e0 elle, propose une foule d\u2019activit\u00e9s pour les familles comme la p\u00eache, c\u2019est d\u2019ailleurs l\u2019un des meilleurs endroits pour pratiquer cette activit\u00e9 dans la r\u00e9gion. Pendant l\u2019hiver, c\u2019est la p\u00eache sur la glace qui prend le relais et vous pourrez y louer des cabanes pour la pratiquer. Il s\u2019agit d\u2019une activit\u00e9 tr\u00e8s populaire. La disponibilit\u00e9 d\u2019embarcations diverses fera aussi le plaisir de toute la famille et des amateurs d\u2019activit\u00e9s nautiques (cano\u00eb, kayak, planche \u00e0 pagaies, p\u00e9dalos, etc. sont disponibles \u00e0 la location). La marina de l\u2019ile Petrie, c\u2019est un acc\u00e8s direct \u00e0 un environnement naturel \u00e9poustouflant et \u00e0 une faune diversifi\u00e9e. Comme il s\u2019agit \u00e9galement de la porte d\u2019entr\u00e9e vers le parc de l\u2019ile Petrie, vous pourrez y profiter d\u2019aires de pic-nique, d\u2019activit\u00e9s aquatiques et de sentiers de randonn\u00e9e. La marina de l\u2019ile Petrie est d\u00e9finitivement une destination id\u00e9ale pour toute la famille, des plus grands aux plus petits et saura r\u00e9pondre aux envies de chacune et chacun. La beaut\u00e9 des lieux et la diversit\u00e9 des activit\u00e9s disponibles sauront vous charmer. <\/p>\n<\/p><\/div>\n<\/p><\/div>\n<p><!-- \/lc-block --><\/p>\n<div class=\"lc-block\">\n<div lc-helper=\"shortcode\" class=\"live-shortcode\"><a class=\"green-transparent uppercase contact btn\" href=\"https:\/\/www.petrieislandmarina.com\/fr\/nous-joindre\/\" aria-label=\"En savoir plus\">En savoir plus<\/a><\/div>\n<\/p><\/div>\n<p><!-- \/lc-block -->\n\t\t\t\t<\/div>\n<\/p><\/div>\n<p><!-- \/col -->\n\t\t<\/div>\n<\/p><\/div>\n<\/section>\n","protected":false},"excerpt":{"rendered":"<p>Une marina \u00e0 service complet La marina s\u2019ouvre sur l\u2019ile Petrie et son parc, situ\u00e9 dans l\u2019est d\u2019Ottawa. Il s\u2019agit en fait d\u2019un groupe d\u2019iles form\u00e9 \u00e0 partir d\u2019argile et de sable, d\u00e9pos\u00e9s \u00e0 la suite de la derni\u00e8re \u00e8re glaciaire. Les premiers habitants de la r\u00e9gion \u00e9taient probablement les Indiens moyens archa\u00efques pendant la [&hellip;]<\/p>\n","protected":false},"author":1,"featured_media":0,"parent":0,"menu_order":0,"comment_status":"closed","ping_status":"closed","template":"","meta":[],"acf":[],"_links":{"self":[{"href":"https:\/\/www.petrieislandmarina.com\/fr\/wp-json\/wp\/v2\/pages\/8"}],"collection":[{"href":"https:\/\/www.petrieislandmarina.com\/fr\/wp-json\/wp\/v2\/pages"}],"about":[{"href":"https:\/\/www.petrieislandmarina.com\/fr\/wp-json\/wp\/v2\/types\/page"}],"author":[{"embeddable":true,"href":"https:\/\/www.petrieislandmarina.com\/fr\/wp-json\/wp\/v2\/users\/1"}],"replies":[{"embeddable":true,"href":"https:\/\/www.petrieislandmarina.com\/fr\/wp-json\/wp\/v2\/comments?post=8"}],"version-history":[{"count":8,"href":"https:\/\/www.petrieislandmarina.com\/fr\/wp-json\/wp\/v2\/pages\/8\/revisions"}],"predecessor-version":[{"id":262,"href":"https:\/\/www.petrieislandmarina.com\/fr\/wp-json\/wp\/v2\/pages\/8\/revisions\/262"}],"wp:attachment":[{"href":"https:\/\/www.petrieislandmarina.com\/fr\/wp-json\/wp\/v2\/media?parent=8"}],"curies":[{"name":"wp","href":"https:\/\/api.w.org\/{rel}","templated":true}]}}